{"id":3,"date":"2021-02-10T11:25:52","date_gmt":"2021-02-10T10:25:52","guid":{"rendered":"http:\/\/kanzlei-palzer.de\/wp\/?page_id=3"},"modified":"2021-02-12T10:31:32","modified_gmt":"2021-02-12T09:31:32","slug":"privacy-policy","status":"publish","type":"page","link":"https:\/\/kanzlei-palzer.de\/wp\/privacy-policy\/","title":{"rendered":"Datenschutzerkl\u00e4rung"},"content":{"rendered":"\t\t<div data-elementor-type=\"wp-page\" data-elementor-id=\"3\" class=\"elementor elementor-3\" data-elementor-settings=\"[]\">\n\t\t\t\t\t\t\t<div class=\"elementor-section-wrap\">\n\t\t\t\t\t\t\t<section class=\"elementor-section elementor-top-section elementor-element elementor-element-2b8a7e11 elementor-section-boxed elementor-section-height-default elementor-section-height-default\" data-id=\"2b8a7e11\" data-element_type=\"section\">\n\t\t\t\t\t\t<div class=\"elementor-container elementor-column-gap-default\">\n\t\t\t\t\t<div class=\"elementor-column elementor-col-100 elementor-top-column elementor-element elementor-element-450c6c8b\" data-id=\"450c6c8b\" data-element_type=\"column\">\n\t\t\t<div class=\"elementor-widget-wrap elementor-element-populated\">\n\t\t\t\t\t\t\t\t<div class=\"elementor-element elementor-element-24b9137c elementor-widget elementor-widget-text-editor\" data-id=\"24b9137c\" data-element_type=\"widget\" data-widget_type=\"text-editor.default\">\n\t\t\t\t<div class=\"elementor-widget-container\">\n\t\t\t\t\t<div class=\"elementor-text-editor elementor-clearfix\"><p><!-- wp:paragraph --><\/p>\n<p>Im Folgenden informieren wir \u00fcber die Erhebung personenbezogener Daten bei Nutzung unserer Website. Personenbezogene Daten sind alle Daten, die auf den Nutzer pers\u00f6nlich beziehbar sind, z. B. Name, Adresse, E-Mail-Adressen, Nutzerverhalten<\/p>\n<p><!-- \/wp:paragraph --><\/p>\n<p><!-- wp:paragraph --><\/p>\n<p><strong>1. F\u00fcr die Datenverarbeitung Verantwortlicher<\/strong><\/p>\n<p><!-- \/wp:paragraph --><\/p>\n<p><!-- wp:paragraph --><\/p>\n<p>Die gem. Art.&nbsp;4 Abs.&nbsp;7 EU-Datenschutz-Grundverordnung (DS-GVO) f\u00fcr die Datenverarbeitung Verantwortliche ist:<\/p>\n<p><!-- \/wp:paragraph --><\/p>\n<p><!-- wp:paragraph --><\/p>\n<p>Dr. Carmen Palzer<br>\n Weinbergweg 53<br>\n66119 Saarbr\u00fccken<\/p>\n<p><!-- \/wp:paragraph --><\/p>\n<p><!-- wp:paragraph --><\/p>\n<p><!-- \/wp:paragraph --><\/p>\n<p><!-- wp:paragraph --><\/p>\n<p>Tel.: +49 (0)681-590 996 12<br>\nFax: +49 (0)681-590 998 3<\/p>\n<p><!-- \/wp:paragraph --><\/p>\n<p><!-- wp:paragraph --><\/p>\n<p>E-Mail: kanzlei@kanzlei-palzer.de<br>\n(im Folgenden: \u201cAnbieter\u201d)<\/p>\n<p><!-- \/wp:paragraph --><\/p>\n<p><!-- wp:paragraph --><\/p>\n<p><strong>2. Erhebung und Verarbeitung personenbezogener Daten<\/strong><\/p>\n<p><!-- \/wp:paragraph --><\/p>\n<p><!-- wp:paragraph --><\/p>\n<p>Bei einem Besuch der Seite des Anbieters werden vom Browser des Nutzers folgende Daten an den Server des Anbieters \u00fcbermittelt und gespeichert: IP-Adresse des Nutzers, Datum und Uhrzeit des Zugriffs, abgerufene Datei, Menge der gesendeten Daten, Website, von der die Anforderung kommt, Browsertyp, Sprache und Version der Browsersoftware des Nutzers, Betriebssystem des Nutzers. Rechtsgrundlage ist Art.&nbsp;6 Abs.&nbsp;1 S.&nbsp;1 lit. f DS-GVO. Das berechtigte Interesse des Anbieters liegt darin, dass diese Daten zur Gew\u00e4hrleistung der Funktionsf\u00e4higkeit der Website des Anbieters und zu deren Optimierung dienen. Die genannten Daten werden getrennt von anderen personenbezogenen Daten der Nutzer verarbeitet. Eine Weitergabe dieser Daten an Dritte erfolgt nicht<\/p>\n<p><!-- \/wp:paragraph --><\/p>\n<p><!-- wp:paragraph --><\/p>\n<p><strong>3. Verwendung von Cookies<\/strong><\/p>\n<p><!-- \/wp:paragraph --><\/p>\n<p><!-- wp:paragraph --><\/p>\n<p>Auf den Internetseiten des Anbieters werden Cookies verwendet. Bei Cookies handelt es sich um kleine Textdateien, die vom Internetbrowser auf dem Computersystem des Nutzers gespeichert werden. Die Cookies k\u00f6nnen beim Aufruf einer Seite an diese \u00fcbermittelt werden und erm\u00f6glichen somit eine Zuordnung des Nutzers. Sie dienen dazu, das Internetangebot insgesamt nutzerfreundlicher und effektiver zu machen.<\/p>\n<p><!-- \/wp:paragraph --><\/p>\n<p><!-- wp:paragraph --><\/p>\n<p>Folgende Arten von Cookies werden auf der Seite des Anbieters genutzt:<\/p>\n<p><!-- \/wp:paragraph --><\/p>\n<p><!-- wp:list --><\/p>\n<ul>\n<li>Vor\u00fcbergehende Cookies: Diese Cookies werden automatisch gel\u00f6scht, wenn der &nbsp; Nutzer seinen Browser schlie\u00dft.<\/li>\n<li>Dauerhafte Cookies: diese werden automatisiert nach einer vorgegebenen Dauer gel\u00f6scht, die je nach Cookie unterschiedlich sein kann.<\/li>\n<\/ul>\n<p><!-- \/wp:list --><\/p>\n<p><!-- wp:paragraph --><\/p>\n<p>Es ist jederzeit m\u00f6glich der Setzung von Cookies durch entsprechende \u00c4nderung der Einstellung im Internetbrowser zu widersprechen. Der Nutzer wird dann \u00fcber das Setzen von Cookies informiert und kann einzeln \u00fcber deren Annahme entscheiden oder die Annahme von Cookies f\u00fcr bestimmte F\u00e4lle oder generell ausschlie\u00dfen. Jeder Browser unterscheidet sich in der Art, wie er die Cookie-Einstellungen verwaltet. Gesetzte Cookies k\u00f6nnen durch Einstellung im Browser des Nutzers gel\u00f6scht werden. Es wird darauf hingewiesen, dass bei Deaktivierung von Cookies m\u00f6glicherweise nicht alle Funktionen der Internetseite des Anbieters vollumf\u00e4nglich genutzt werden k\u00f6nnen.<\/p>\n<p><!-- \/wp:paragraph --><\/p>\n<p><!-- wp:paragraph --><\/p>\n<p>Die durch das Cookie erzeugten Informationen im pseudonymen Nutzerprofil werden nicht dazu benutzt, den Nutzer pers\u00f6nlich zu identifizieren und nicht mit personenbezogenen Daten \u00fcber den Nutzer zusammengef\u00fchrt.<\/p>\n<p><!-- \/wp:paragraph --><\/p>\n<p><!-- wp:paragraph --><\/p>\n<p>Rechtsgrundlage ist Art. 6 Abs. 1 S. 1 lit. f DS-GVO. Das berechtigte Interesse des Anbieters liegt darin, einen nutzerfreundliche und effektiv zu bedienende Website anzubieten und diese aufgrund der Auswertung des Nutzerverhaltens weiter zu verbessern.<\/p>\n<p><!-- \/wp:paragraph --><\/p>\n<p><!-- wp:paragraph --><\/p>\n<p><strong>4. Routinem\u00e4\u00dfige L\u00f6schung und Sperrung von personenbezogenen Daten<\/strong><\/p>\n<p><!-- \/wp:paragraph --><\/p>\n<p><!-- wp:paragraph --><\/p>\n<p>Der Anbieter verarbeitet und speichert personenbezogene Daten der betroffenen Person nur solange, wie dies zur Erreichung des Speicherungszwecks erforderlich ist. Eine Speicherung kann dar\u00fcber hinaus dann erfolgen, soweit dies durch den europ\u00e4ischen oder nationalen Gesetzgeber in unionsrechtlichen Verordnungen, Gesetzen oder sonstigen Vorschriften, denen der f\u00fcr die Verarbeitung verantwortliche unterliegt, vorgesehen wurde.<\/p>\n<p><!-- \/wp:paragraph --><\/p>\n<p><!-- wp:paragraph --><\/p>\n<p>Sobald der Speicherungszweck entf\u00e4llt oder eine durch die genannten Vorschriften vorgeschriebene Speicherfrist abl\u00e4uft, werden die personenbezogenen Daten routinem\u00e4\u00dfig gel\u00f6scht.<\/p>\n<p><!-- \/wp:paragraph --><\/p>\n<p><!-- wp:paragraph --><\/p>\n<p><strong>5. Rechte des Nutzers<\/strong><\/p>\n<p><!-- \/wp:paragraph --><\/p>\n<p><!-- wp:paragraph --><\/p>\n<p>Der Nutzer hat gegen\u00fcber dem Anbieter folgende Rechte hinsichtlich der ihn betreffenden personenbezogenen Daten:<\/p>\n<p><!-- \/wp:paragraph --><\/p>\n<p><!-- wp:paragraph --><\/p>\n<p>\u2013&nbsp;&nbsp; Recht auf Auskunft\n\u2013&nbsp;&nbsp; Recht auf Berichtigung oder L\u00f6schung,\n\u2013&nbsp;&nbsp; Recht auf Einschr\u00e4nkung der Verarbeitung,\n\u2013&nbsp;&nbsp; Recht auf Widerspruch gegen die Verarbeitung,\n\nDer Nutzer hat zudem das Recht, sich bei einer Datenschutz-Aufsichtsbeh\u00f6rde \u00fcber die Verarbeitung seiner personenbezogenen Daten durch den Anbieter zu beschweren<\/p>\n<p><!-- \/wp:paragraph --><\/p>\n<p><!-- wp:paragraph --><\/p>\n<p><strong>6. Widerrufsrecht des Nutzers bei Einwilligung<\/strong><\/p>\n<p><!-- \/wp:paragraph --><\/p>\n<p><!-- wp:paragraph --><\/p>\n<p>Wenn der Nutzer eine Einwilligung zur Verarbeitung seiner Daten durch den Anbieter erteilt hat, kann er diese jederzeit gegen\u00fcber dem Anbieter widerrufen<\/p>\n<p><!-- \/wp:paragraph --><\/p>\n<p><!-- wp:paragraph --><\/p>\n<p><strong>7. Google Maps<\/strong><\/p>\n<p><!-- \/wp:paragraph --><\/p>\n<p><!-- wp:paragraph --><\/p>\n<p>Der Anbieter nutzt auf seiner Website Google Maps. Google Maps ist ein Dienst der Google Inc. (&#8222;Google&#8220;), 1600 Amphitheatre Parkway, Mountain View, CA 94043, USA.<\/p>\n<p><!-- \/wp:paragraph --><\/p>\n<p><!-- wp:paragraph --><\/p>\n<p>F\u00fcr die Nutzung von Google Maps muss der vom Nutzer verwendete Browser Verbindung zu den Servern von Google aufnehmen. Hierdurch erlangt Google Kenntnis dar\u00fcber, dass \u00fcber die IP-Adresse des Nutzers die Website des Anbieters aufgerufen wurde. An Google werden verschiedene Daten des Nutzers \u00fcbermittelt, darunter die IP-Adresse des Nutzers.<\/p>\n<p><!-- \/wp:paragraph --><\/p>\n<p><!-- wp:paragraph --><\/p>\n<p>Google ist unter dem Privacy-Shield-Abkommen zertifiziert und garantiert dadurch die Einhaltung europ\u00e4ischen Datenschutzrechts (https:\/\/www.privacyshield.gov\/participant?id=a2zt000000001L5AAI&amp;status=Active).<\/p>\n<p><!-- \/wp:paragraph --><\/p>\n<p><!-- wp:paragraph --><\/p>\n<p>Weitere Informationen dazu sind unter <a href=\"https:\/\/www.google.de\/policies\/privacy\/frameworks\/\">https:\/\/www.google.de\/policies\/privacy\/frameworks\/<\/a> abrufbar.<\/p>\n<p><!-- \/wp:paragraph --><\/p>\n<p><!-- wp:paragraph --><\/p>\n<p>Der Zweck der Datenverarbeitung im Rahmen der Nutzung von Google Maps ist, dem Nutzer eine interaktive Karte zur Verf\u00fcgung zu stellen. Rechtsgrundlage zur Datenverarbeitung ist dabei Art. 6 Abs. 1, Satz 1 lit. f) DSGVO (berechtigtes Interesse des Anbieters). Das berechtigte Interesse des Anbieters liegt darin, dem Nutzer eine m\u00f6glichst komfortable Darstellung der geographischen Lage und einer individuellen Anfahrtsplanung dorthin zur Verf\u00fcgung zu stellen<\/p>\n<p><!-- \/wp:paragraph --><\/p>\n<p><!-- wp:paragraph --><\/p>\n<p><strong>8. Google Web Fonts<\/strong><\/p>\n<p><!-- \/wp:paragraph --><\/p>\n<p><!-- wp:paragraph --><\/p>\n<p>Zur einheitlichen Darstellung verschiedener Informationen auf der Website werden Google Webfonts (http:\/\/www.google.com\/webfonts\/) der der Google Inc. (\u201eGoogle\u201c) verwendet. Google ist unter dem Privacy-Shield-Abkommen zertifiziert und garantiert dadurch die Einhaltung europ\u00e4ischen Datenschutzrechts (https:\/\/www.privacyshield.gov\/participant?id=a2zt000000001L5AAI&amp;status=Active). Die Webfonts werden beim Aufruf der Seite an den Browsercache \u00fcbertragen, um sie f\u00fcr die Darstellung nutzen zu k\u00f6nnen. Wenn der Browser des Nutzers den Zugriff unterbindet oder Webfonts nicht unterst\u00fctzt, erfolgt die Anzeige der Informationen in einer Standardschriftart.<\/p>\n<p><!-- \/wp:paragraph --><\/p>\n<p><!-- wp:paragraph --><\/p>\n<p>F\u00fcr die Nutzung der Webfonts muss der vom Nutzer verwendete Browser Verbindung zu den Servern von Google aufnehmen. Hierdurch erlangt Google Kenntnis dar\u00fcber, dass \u00fcber die IP-Adresse des Nutzers die Website des Anbieters aufgerufen wurde. An Google werden verschiedene Daten des Nutzers \u00fcbermittelt (dies k\u00f6nnen sein: Name, Version und Spracheinstellung des verwendeten Browsers, Betriebssystem und Spracheinstellung des Betriebssystems des Nutzers, Bildschirmaufl\u00f6sung, IP-Adresse des Nutzers)<\/p>\n<p><!-- \/wp:paragraph --><\/p>\n<p><!-- wp:paragraph --><\/p>\n<p>Die einheitliche Darstellung der Informationen auf der Seite stellt ein berechtigtes Interesse des Anbieters im Sinne von Art. 6 Abs. 1 lit. f DSGVO dar.<\/p>\n<p><!-- \/wp:paragraph --><\/p>\n<p><!-- wp:paragraph --><\/p>\n<p>Informationen zu den Datenschutzbedingungen von Google Webfonts sind abrufbar unter: <a href=\"https:\/\/developers.google.com\/fonts\/faq#Privacy\">https:\/\/developers.google.com\/fonts\/faq#Privacy<\/a><\/p>\n<p><!-- \/wp:paragraph --><\/p>\n<p><!-- wp:paragraph --><\/p>\n<p>Diese Website verwendet Cookies, um Ihren Besuch effizienter zu machen und Ihnen mehr Benutzerfreundlichkeit zu bieten. Mit der Nutzung dieser Website stimmen Sie der Verwendung von Cookies zu.<\/p>\n<p><!-- \/wp:paragraph --><\/p><\/div>\n\t\t\t\t<\/div>\n\t\t\t\t<\/div>\n\t\t\t\t\t<\/div>\n\t\t<\/div>\n\t\t\t\t\t\t\t<\/div>\n\t\t<\/section>\n\t\t\t\t\t\t<\/div>\n\t\t\t\t\t<\/div>\n\t\t","protected":false},"excerpt":{"rendered":"<p>Im Folgenden informieren wir \u00fcber die Erhebung personenbezogener Daten bei Nutzung unserer Website. Personenbezogene Daten sind alle Daten, die auf den Nutzer pers\u00f6nlich beziehbar sind, z. B. Name, Adresse, E-Mail-Adressen, Nutzerverhalten 1. F\u00fcr die Datenverarbeitung Verantwortlicher Die gem. Art.&nbsp;4 Abs.&nbsp;7&#8230;<\/p>\n","protected":false},"author":1,"featured_media":2976,"parent":0,"menu_order":0,"comment_status":"closed","ping_status":"closed","template":"templates\/template-fullwidth.php","meta":{"footnotes":""},"class_list":["post-3","page","type-page","status-publish","has-post-thumbnail","hentry"],"_links":{"self":[{"href":"https:\/\/kanzlei-palzer.de\/wp\/wp-json\/wp\/v2\/pages\/3","targetHints":{"allow":["GET"]}}],"collection":[{"href":"https:\/\/kanzlei-palzer.de\/wp\/wp-json\/wp\/v2\/pages"}],"about":[{"href":"https:\/\/kanzlei-palzer.de\/wp\/wp-json\/wp\/v2\/types\/page"}],"author":[{"embeddable":true,"href":"https:\/\/kanzlei-palzer.de\/wp\/wp-json\/wp\/v2\/users\/1"}],"replies":[{"embeddable":true,"href":"https:\/\/kanzlei-palzer.de\/wp\/wp-json\/wp\/v2\/comments?post=3"}],"version-history":[{"count":5,"href":"https:\/\/kanzlei-palzer.de\/wp\/wp-json\/wp\/v2\/pages\/3\/revisions"}],"predecessor-version":[{"id":2981,"href":"https:\/\/kanzlei-palzer.de\/wp\/wp-json\/wp\/v2\/pages\/3\/revisions\/2981"}],"wp:featuredmedia":[{"embeddable":true,"href":"https:\/\/kanzlei-palzer.de\/wp\/wp-json\/wp\/v2\/media\/2976"}],"wp:attachment":[{"href":"https:\/\/kanzlei-palzer.de\/wp\/wp-json\/wp\/v2\/media?parent=3"}],"curies":[{"name":"wp","href":"https:\/\/api.w.org\/{rel}","templated":true}]}}